{"id":8,"date":"2025-05-29T16:31:26","date_gmt":"2025-05-29T16:31:26","guid":{"rendered":"https:\/\/bizkaiclima.rkinformatika.online\/?page_id=8"},"modified":"2025-06-02T10:15:52","modified_gmt":"2025-06-02T10:15:52","slug":"inicio","status":"publish","type":"page","link":"https:\/\/bizkaiclima.com\/eu\/","title":{"rendered":"Hasiera"},"content":{"rendered":"<div data-elementor-type=\"wp-page\" data-elementor-id=\"8\" class=\"elementor elementor-8\" data-elementor-post-type=\"page\">\n\t\t\t\t<div class=\"elementor-element elementor-element-756d7b5 e-flex e-con-boxed e-con e-parent\" data-id=\"756d7b5\" data-element_type=\"container\" data-e-type=\"container\" data-settings=\"{&quot;background_background&quot;:&quot;classic&quot;}\">\n\t\t\t\t\t<div class=\"e-con-inner\">\n\t\t\t\t<div class=\"elementor-element elementor-element-bb6dff9 elementor-invisible elementor-widget elementor-widget-heading\" data-id=\"bb6dff9\" data-element_type=\"widget\" data-e-type=\"widget\" data-settings=\"{&quot;_animation&quot;:&quot;fadeInLeft&quot;}\" data-widget_type=\"heading.default\">\n\t\t\t\t<div class=\"elementor-widget-container\">\n\t\t\t\t\t<h2 class=\"elementor-heading-title elementor-size-default\">Bizkaiclima <\/h2>\t\t\t\t<\/div>\n\t\t\t\t<\/div>\n\t\t\t\t<div class=\"elementor-element elementor-element-5b1b392 elementor-invisible elementor-widget elementor-widget-text-editor\" data-id=\"5b1b392\" data-element_type=\"widget\" data-e-type=\"widget\" data-settings=\"{&quot;_animation&quot;:&quot;fadeInUp&quot;}\" data-widget_type=\"text-editor.default\">\n\t\t\t\t<div class=\"elementor-widget-container\">\n\t\t\t\t\t\t\t\t\t<p>Klimatizazio-sistemak instalatzea eta mantentzea<\/p>\t\t\t\t\t\t\t\t<\/div>\n\t\t\t\t<\/div>\n\t\t\t\t\t<\/div>\n\t\t\t\t<\/div>\n\t\t<div class=\"elementor-element elementor-element-c8cbc99 e-flex e-con-boxed e-con e-parent\" data-id=\"c8cbc99\" data-element_type=\"container\" data-e-type=\"container\" data-settings=\"{&quot;background_background&quot;:&quot;classic&quot;}\">\n\t\t\t\t\t<div class=\"e-con-inner\">\n\t\t<div class=\"elementor-element elementor-element-9dc3eeb e-con-full e-flex e-con e-child\" data-id=\"9dc3eeb\" data-element_type=\"container\" data-e-type=\"container\">\n\t\t\t\t<div class=\"elementor-element elementor-element-c2b52f2 elementor-widget elementor-widget-heading\" data-id=\"c2b52f2\" data-element_type=\"widget\" data-e-type=\"widget\" data-widget_type=\"heading.default\">\n\t\t\t\t<div class=\"elementor-widget-container\">\n\t\t\t\t\t<h2 class=\"elementor-heading-title elementor-size-default\">Guri buruz<\/h2>\t\t\t\t<\/div>\n\t\t\t\t<\/div>\n\t\t\t\t<div class=\"elementor-element elementor-element-b31eb5d elementor-widget elementor-widget-text-editor\" data-id=\"b31eb5d\" data-element_type=\"widget\" data-e-type=\"widget\" data-widget_type=\"text-editor.default\">\n\t\t\t\t<div class=\"elementor-widget-container\">\n\t\t\t\t\t\t\t\t\t<p data-start=\"119\" data-end=\"298\">Bizkaiclima klimatizazio-sistemak instalatzen eta mantentzen espezializatutako enpresa bat da, egoitza Euskadin duena eta 2017tik lurralde osoan jarduten duena.<\/p><p data-start=\"300\" data-end=\"645\">Gure konpromisoa da soluzio eraginkorrak, jasangarriak eta bezero bakoitzaren beharretara egokituak eskaintzea, bai egoitza inguruneetan, bai merkataritza eta industria inguruneetan. Sektoreko marka nagusiekin lan egiten dugu, eta azken aurrerapen teknologikoak aplikatzen ditugu erosotasunik handiena, energia aurreztea eta fidagarritasuna bermatzeko.<\/p>\t\t\t\t\t\t\t\t<\/div>\n\t\t\t\t<\/div>\n\t\t\t\t<\/div>\n\t\t<div class=\"elementor-element elementor-element-4807ce7 e-con-full e-flex e-con e-child\" data-id=\"4807ce7\" data-element_type=\"container\" data-e-type=\"container\">\n\t\t\t\t<div class=\"elementor-element elementor-element-791b450 elementor-widget elementor-widget-image\" data-id=\"791b450\" data-element_type=\"widget\" data-e-type=\"widget\" data-widget_type=\"image.default\">\n\t\t\t\t<div class=\"elementor-widget-container\">\n\t\t\t\t\t\t\t\t\t\t\t\t\t\t\t<img fetchpriority=\"high\" decoding=\"async\" width=\"800\" height=\"453\" src=\"https:\/\/bizkaiclima.com\/wp-content\/uploads\/2025\/05\/1654-1024x580.jpg\" class=\"attachment-large size-large wp-image-168\" alt=\"\" srcset=\"https:\/\/bizkaiclima.com\/wp-content\/uploads\/2025\/05\/1654-1024x580.jpg 1024w, https:\/\/bizkaiclima.com\/wp-content\/uploads\/2025\/05\/1654-300x170.jpg 300w, https:\/\/bizkaiclima.com\/wp-content\/uploads\/2025\/05\/1654-768x435.jpg 768w, https:\/\/bizkaiclima.com\/wp-content\/uploads\/2025\/05\/1654-18x10.jpg 18w, https:\/\/bizkaiclima.com\/wp-content\/uploads\/2025\/05\/1654.jpg 1500w\" sizes=\"(max-width: 800px) 100vw, 800px\" \/>\t\t\t\t\t\t\t\t\t\t\t\t\t\t\t<\/div>\n\t\t\t\t<\/div>\n\t\t\t\t<\/div>\n\t\t\t\t\t<\/div>\n\t\t\t\t<\/div>\n\t\t<div class=\"elementor-element elementor-element-e3a7f37 e-con-full e-flex e-con e-parent\" data-id=\"e3a7f37\" data-element_type=\"container\" data-e-type=\"container\" data-settings=\"{&quot;background_background&quot;:&quot;classic&quot;}\">\n\t\t\t\t<div class=\"elementor-element elementor-element-0595f9b elementor-cta--skin-cover elementor-animated-content elementor-bg-transform elementor-bg-transform-zoom-in elementor-widget elementor-widget-call-to-action\" data-id=\"0595f9b\" data-element_type=\"widget\" data-e-type=\"widget\" data-widget_type=\"call-to-action.default\">\n\t\t\t\t<div class=\"elementor-widget-container\">\n\t\t\t\t\t\t\t<div class=\"elementor-cta\">\n\t\t\t\t\t<div class=\"elementor-cta__bg-wrapper\">\n\t\t\t\t<div class=\"elementor-cta__bg elementor-bg\" style=\"background-image: url(https:\/\/bizkaiclima.com\/wp-content\/uploads\/2025\/05\/135268-1024x447.jpg);\" role=\"img\" aria-label=\"135268\"><\/div>\n\t\t\t\t<div class=\"elementor-cta__bg-overlay\"><\/div>\n\t\t\t<\/div>\n\t\t\t\t\t\t\t<div class=\"elementor-cta__content\">\n\t\t\t\t\n\t\t\t\t\t\t\t\t\t<h2 class=\"elementor-cta__title elementor-cta__content-item elementor-content-item elementor-animated-item--grow\">\n\t\t\t\t\t\tTodo lo que necesitas en climatizaci\u00f3n\t\t\t\t\t<\/h2>\n\t\t\t\t\n\t\t\t\t\t\t\t\t\t<div class=\"elementor-cta__description elementor-cta__content-item elementor-content-item elementor-animated-item--grow\">\n\t\t\t\t\t\tEzagutu espazio bakoitzera egokitutako klimatizazio soluzioak.\n\n\t\t\t\t\t<\/div>\n\t\t\t\t\n\t\t\t\t\t\t\t\t\t<div class=\"elementor-cta__button-wrapper elementor-cta__content-item elementor-content-item elementor-animated-item--grow\">\n\t\t\t\t\t<a class=\"elementor-cta__button elementor-button elementor-size-\" href=\"https:\/\/bizkaiclima.com\/index.php\/servicios\/\">\n\t\t\t\t\t\tSERVICIOS\t\t\t\t\t<\/a>\n\t\t\t\t\t<\/div>\n\t\t\t\t\t\t\t<\/div>\n\t\t\t\t\t\t<\/div>\n\t\t\t\t\t\t<\/div>\n\t\t\t\t<\/div>\n\t\t\t\t<\/div>\n\t\t\t\t<\/div>","protected":false},"excerpt":{"rendered":"<p>Bizkaiclima Instalaci\u00f3n y mantenimiento de sistemas de climatizacion Sobre Nosotros Bizkaiclima es una empresa especializada en la instalaci\u00f3n y mantenimiento de sistemas de climatizaci\u00f3n, con sede en Euskadi y operando en todo su territorio desde 2017. Nuestro compromiso es ofrecer soluciones eficientes, sostenibles y adaptadas a las necesidades de cada cliente, tanto en entornos residenciales [&hellip;]<\/p>\n","protected":false},"author":1,"featured_media":0,"parent":0,"menu_order":0,"comment_status":"closed","ping_status":"closed","template":"elementor_canvas","meta":{"footnotes":""},"class_list":["post-8","page","type-page","status-publish","hentry"],"yoast_head":"<!-- This site is optimized with the Yoast SEO plugin v27.3 - https:\/\/yoast.com\/product\/yoast-seo-wordpress\/ -->\n<title>Inicio - Bizkaiclima<\/title>\n<meta name=\"robots\" content=\"index, follow, max-snippet:-1, max-image-preview:large, max-video-preview:-1\" \/>\n<link rel=\"canonical\" href=\"https:\/\/bizkaiclima.com\/eu\/\" \/>\n<meta property=\"og:locale\" content=\"en_US\" \/>\n<meta property=\"og:type\" content=\"article\" \/>\n<meta property=\"og:title\" content=\"Inicio - Bizkaiclima\" \/>\n<meta property=\"og:description\" content=\"Bizkaiclima Instalaci\u00f3n y mantenimiento de sistemas de climatizacion Sobre Nosotros Bizkaiclima es una empresa especializada en la instalaci\u00f3n y mantenimiento de sistemas de climatizaci\u00f3n, con sede en Euskadi y operando en todo su territorio desde 2017. Nuestro compromiso es ofrecer soluciones eficientes, sostenibles y adaptadas a las necesidades de cada cliente, tanto en entornos residenciales [&hellip;]\" \/>\n<meta property=\"og:url\" content=\"https:\/\/bizkaiclima.com\/eu\/\" \/>\n<meta property=\"og:site_name\" content=\"Bizkaiclima\" \/>\n<meta property=\"article:modified_time\" content=\"2025-06-02T10:15:52+00:00\" \/>\n<meta property=\"og:image\" content=\"https:\/\/bizkaiclima.com\/wp-content\/uploads\/2025\/05\/1654.jpg\" \/>\n\t<meta property=\"og:image:width\" content=\"1500\" \/>\n\t<meta property=\"og:image:height\" content=\"849\" \/>\n\t<meta property=\"og:image:type\" content=\"image\/jpeg\" \/>\n<meta name=\"twitter:card\" content=\"summary_large_image\" \/>\n<meta name=\"twitter:label1\" content=\"Est. reading time\" \/>\n\t<meta name=\"twitter:data1\" content=\"1 minutua\" \/>\n<script type=\"application\/ld+json\" class=\"yoast-schema-graph\">{\"@context\":\"https:\\\/\\\/schema.org\",\"@graph\":[{\"@type\":\"WebPage\",\"@id\":\"https:\\\/\\\/bizkaiclima.com\\\/\",\"url\":\"https:\\\/\\\/bizkaiclima.com\\\/\",\"name\":\"Inicio - Bizkaiclima\",\"isPartOf\":{\"@id\":\"https:\\\/\\\/bizkaiclima.com\\\/#website\"},\"primaryImageOfPage\":{\"@id\":\"https:\\\/\\\/bizkaiclima.com\\\/#primaryimage\"},\"image\":{\"@id\":\"https:\\\/\\\/bizkaiclima.com\\\/#primaryimage\"},\"thumbnailUrl\":\"https:\\\/\\\/bizkaiclima.com\\\/wp-content\\\/uploads\\\/2025\\\/05\\\/1654-1024x580.jpg\",\"datePublished\":\"2025-05-29T16:31:26+00:00\",\"dateModified\":\"2025-06-02T10:15:52+00:00\",\"breadcrumb\":{\"@id\":\"https:\\\/\\\/bizkaiclima.com\\\/#breadcrumb\"},\"inLanguage\":\"eu\",\"potentialAction\":[{\"@type\":\"ReadAction\",\"target\":[\"https:\\\/\\\/bizkaiclima.com\\\/\"]}]},{\"@type\":\"ImageObject\",\"inLanguage\":\"eu\",\"@id\":\"https:\\\/\\\/bizkaiclima.com\\\/#primaryimage\",\"url\":\"https:\\\/\\\/bizkaiclima.com\\\/wp-content\\\/uploads\\\/2025\\\/05\\\/1654-1024x580.jpg\",\"contentUrl\":\"https:\\\/\\\/bizkaiclima.com\\\/wp-content\\\/uploads\\\/2025\\\/05\\\/1654-1024x580.jpg\"},{\"@type\":\"BreadcrumbList\",\"@id\":\"https:\\\/\\\/bizkaiclima.com\\\/#breadcrumb\",\"itemListElement\":[{\"@type\":\"ListItem\",\"position\":1,\"name\":\"Portada\",\"item\":\"https:\\\/\\\/bizkaiclima.com\\\/\"},{\"@type\":\"ListItem\",\"position\":2,\"name\":\"Inicio\"}]},{\"@type\":\"WebSite\",\"@id\":\"https:\\\/\\\/bizkaiclima.com\\\/#website\",\"url\":\"https:\\\/\\\/bizkaiclima.com\\\/\",\"name\":\"Bizkaiclima\",\"description\":\"Instalaci\u00f3n y mantenimiento de sistemas de climatizacion\",\"publisher\":{\"@id\":\"https:\\\/\\\/bizkaiclima.com\\\/#organization\"},\"potentialAction\":[{\"@type\":\"SearchAction\",\"target\":{\"@type\":\"EntryPoint\",\"urlTemplate\":\"https:\\\/\\\/bizkaiclima.com\\\/?s={search_term_string}\"},\"query-input\":{\"@type\":\"PropertyValueSpecification\",\"valueRequired\":true,\"valueName\":\"search_term_string\"}}],\"inLanguage\":\"eu\"},{\"@type\":\"Organization\",\"@id\":\"https:\\\/\\\/bizkaiclima.com\\\/#organization\",\"name\":\"Bizkaiclima\",\"url\":\"https:\\\/\\\/bizkaiclima.com\\\/\",\"logo\":{\"@type\":\"ImageObject\",\"inLanguage\":\"eu\",\"@id\":\"https:\\\/\\\/bizkaiclima.com\\\/#\\\/schema\\\/logo\\\/image\\\/\",\"url\":\"https:\\\/\\\/bizkaiclima.com\\\/wp-content\\\/uploads\\\/2025\\\/05\\\/cropped-Diseno-sin-titulo.png\",\"contentUrl\":\"https:\\\/\\\/bizkaiclima.com\\\/wp-content\\\/uploads\\\/2025\\\/05\\\/cropped-Diseno-sin-titulo.png\",\"width\":458,\"height\":223,\"caption\":\"Bizkaiclima\"},\"image\":{\"@id\":\"https:\\\/\\\/bizkaiclima.com\\\/#\\\/schema\\\/logo\\\/image\\\/\"}}]}<\/script>\n<!-- \/ Yoast SEO plugin. -->","yoast_head_json":{"title":"Inicio - Bizkaiclima","robots":{"index":"index","follow":"follow","max-snippet":"max-snippet:-1","max-image-preview":"max-image-preview:large","max-video-preview":"max-video-preview:-1"},"canonical":"https:\/\/bizkaiclima.com\/eu\/","og_locale":"en_US","og_type":"article","og_title":"Inicio - Bizkaiclima","og_description":"Bizkaiclima Instalaci\u00f3n y mantenimiento de sistemas de climatizacion Sobre Nosotros Bizkaiclima es una empresa especializada en la instalaci\u00f3n y mantenimiento de sistemas de climatizaci\u00f3n, con sede en Euskadi y operando en todo su territorio desde 2017. Nuestro compromiso es ofrecer soluciones eficientes, sostenibles y adaptadas a las necesidades de cada cliente, tanto en entornos residenciales [&hellip;]","og_url":"https:\/\/bizkaiclima.com\/eu\/","og_site_name":"Bizkaiclima","article_modified_time":"2025-06-02T10:15:52+00:00","og_image":[{"width":1500,"height":849,"url":"https:\/\/bizkaiclima.com\/wp-content\/uploads\/2025\/05\/1654.jpg","type":"image\/jpeg"}],"twitter_card":"summary_large_image","twitter_misc":{"Est. reading time":"1 minutua"},"schema":{"@context":"https:\/\/schema.org","@graph":[{"@type":"WebPage","@id":"https:\/\/bizkaiclima.com\/","url":"https:\/\/bizkaiclima.com\/","name":"Inicio - Bizkaiclima","isPartOf":{"@id":"https:\/\/bizkaiclima.com\/#website"},"primaryImageOfPage":{"@id":"https:\/\/bizkaiclima.com\/#primaryimage"},"image":{"@id":"https:\/\/bizkaiclima.com\/#primaryimage"},"thumbnailUrl":"https:\/\/bizkaiclima.com\/wp-content\/uploads\/2025\/05\/1654-1024x580.jpg","datePublished":"2025-05-29T16:31:26+00:00","dateModified":"2025-06-02T10:15:52+00:00","breadcrumb":{"@id":"https:\/\/bizkaiclima.com\/#breadcrumb"},"inLanguage":"eu","potentialAction":[{"@type":"ReadAction","target":["https:\/\/bizkaiclima.com\/"]}]},{"@type":"ImageObject","inLanguage":"eu","@id":"https:\/\/bizkaiclima.com\/#primaryimage","url":"https:\/\/bizkaiclima.com\/wp-content\/uploads\/2025\/05\/1654-1024x580.jpg","contentUrl":"https:\/\/bizkaiclima.com\/wp-content\/uploads\/2025\/05\/1654-1024x580.jpg"},{"@type":"BreadcrumbList","@id":"https:\/\/bizkaiclima.com\/#breadcrumb","itemListElement":[{"@type":"ListItem","position":1,"name":"Portada","item":"https:\/\/bizkaiclima.com\/"},{"@type":"ListItem","position":2,"name":"Inicio"}]},{"@type":"WebSite","@id":"https:\/\/bizkaiclima.com\/#website","url":"https:\/\/bizkaiclima.com\/","name":"Bizkaiclima","description":"Klimatizazio-sistemak instalatzea eta mantentzea","publisher":{"@id":"https:\/\/bizkaiclima.com\/#organization"},"potentialAction":[{"@type":"SearchAction","target":{"@type":"EntryPoint","urlTemplate":"https:\/\/bizkaiclima.com\/?s={search_term_string}"},"query-input":{"@type":"PropertyValueSpecification","valueRequired":true,"valueName":"search_term_string"}}],"inLanguage":"eu"},{"@type":"Organization","@id":"https:\/\/bizkaiclima.com\/#organization","name":"Bizkaiclima","url":"https:\/\/bizkaiclima.com\/","logo":{"@type":"ImageObject","inLanguage":"eu","@id":"https:\/\/bizkaiclima.com\/#\/schema\/logo\/image\/","url":"https:\/\/bizkaiclima.com\/wp-content\/uploads\/2025\/05\/cropped-Diseno-sin-titulo.png","contentUrl":"https:\/\/bizkaiclima.com\/wp-content\/uploads\/2025\/05\/cropped-Diseno-sin-titulo.png","width":458,"height":223,"caption":"Bizkaiclima"},"image":{"@id":"https:\/\/bizkaiclima.com\/#\/schema\/logo\/image\/"}}]}},"_links":{"self":[{"href":"https:\/\/bizkaiclima.com\/eu\/wp-json\/wp\/v2\/pages\/8","targetHints":{"allow":["GET"]}}],"collection":[{"href":"https:\/\/bizkaiclima.com\/eu\/wp-json\/wp\/v2\/pages"}],"about":[{"href":"https:\/\/bizkaiclima.com\/eu\/wp-json\/wp\/v2\/types\/page"}],"author":[{"embeddable":true,"href":"https:\/\/bizkaiclima.com\/eu\/wp-json\/wp\/v2\/users\/1"}],"replies":[{"embeddable":true,"href":"https:\/\/bizkaiclima.com\/eu\/wp-json\/wp\/v2\/comments?post=8"}],"version-history":[{"count":52,"href":"https:\/\/bizkaiclima.com\/eu\/wp-json\/wp\/v2\/pages\/8\/revisions"}],"predecessor-version":[{"id":248,"href":"https:\/\/bizkaiclima.com\/eu\/wp-json\/wp\/v2\/pages\/8\/revisions\/248"}],"wp:attachment":[{"href":"https:\/\/bizkaiclima.com\/eu\/wp-json\/wp\/v2\/media?parent=8"}],"curies":[{"name":"wp","href":"https:\/\/api.w.org\/{rel}","templated":true}]}}