{"id":11,"date":"2025-05-29T16:32:12","date_gmt":"2025-05-29T16:32:12","guid":{"rendered":"https:\/\/bizkaiclima.rkinformatika.online\/?page_id=11"},"modified":"2025-05-30T09:20:54","modified_gmt":"2025-05-30T09:20:54","slug":"servicios","status":"publish","type":"page","link":"https:\/\/bizkaiclima.com\/eu\/servicios\/","title":{"rendered":"zerbitzuak"},"content":{"rendered":"<div data-elementor-type=\"wp-page\" data-elementor-id=\"11\" class=\"elementor elementor-11\" data-elementor-post-type=\"page\">\n\t\t\t\t<div class=\"elementor-element elementor-element-13126fc e-flex e-con-boxed e-con e-parent\" data-id=\"13126fc\" data-element_type=\"container\" data-e-type=\"container\" data-settings=\"{&quot;background_background&quot;:&quot;classic&quot;}\">\n\t\t\t\t\t<div class=\"e-con-inner\">\n\t\t\t\t<div class=\"elementor-element elementor-element-6d5fb86 elementor-invisible elementor-widget elementor-widget-heading\" data-id=\"6d5fb86\" data-element_type=\"widget\" data-e-type=\"widget\" data-settings=\"{&quot;_animation&quot;:&quot;fadeInLeft&quot;}\" data-widget_type=\"heading.default\">\n\t\t\t\t<div class=\"elementor-widget-container\">\n\t\t\t\t\t<h2 class=\"elementor-heading-title elementor-size-default\">zerbitzuak<\/h2>\t\t\t\t<\/div>\n\t\t\t\t<\/div>\n\t\t\t\t\t<\/div>\n\t\t\t\t<\/div>\n\t\t<div class=\"elementor-element elementor-element-ee8dcae e-flex e-con-boxed e-con e-parent\" data-id=\"ee8dcae\" data-element_type=\"container\" data-e-type=\"container\">\n\t\t\t\t\t<div class=\"e-con-inner\">\n\t\t<div class=\"elementor-element elementor-element-fd14299 e-con-full e-flex e-con e-child\" data-id=\"fd14299\" data-element_type=\"container\" data-e-type=\"container\" data-settings=\"{&quot;background_background&quot;:&quot;classic&quot;}\">\n\t\t\t\t<div class=\"elementor-element elementor-element-fe5c7bf elementor-widget elementor-widget-image\" data-id=\"fe5c7bf\" data-element_type=\"widget\" data-e-type=\"widget\" data-widget_type=\"image.default\">\n\t\t\t\t<div class=\"elementor-widget-container\">\n\t\t\t\t\t\t\t\t\t\t\t\t\t\t\t<img fetchpriority=\"high\" decoding=\"async\" width=\"800\" height=\"534\" src=\"https:\/\/bizkaiclima.com\/wp-content\/uploads\/2025\/05\/1202-1024x683.jpg\" class=\"attachment-large size-large wp-image-230\" alt=\"\" srcset=\"https:\/\/bizkaiclima.com\/wp-content\/uploads\/2025\/05\/1202-1024x683.jpg 1024w, https:\/\/bizkaiclima.com\/wp-content\/uploads\/2025\/05\/1202-300x200.jpg 300w, https:\/\/bizkaiclima.com\/wp-content\/uploads\/2025\/05\/1202-768x512.jpg 768w, https:\/\/bizkaiclima.com\/wp-content\/uploads\/2025\/05\/1202-18x12.jpg 18w, https:\/\/bizkaiclima.com\/wp-content\/uploads\/2025\/05\/1202.jpg 1500w\" sizes=\"(max-width: 800px) 100vw, 800px\" \/>\t\t\t\t\t\t\t\t\t\t\t\t\t\t\t<\/div>\n\t\t\t\t<\/div>\n\t\t\t\t<div class=\"elementor-element elementor-element-210d82c elementor-widget elementor-widget-heading\" data-id=\"210d82c\" data-element_type=\"widget\" data-e-type=\"widget\" data-widget_type=\"heading.default\">\n\t\t\t\t<div class=\"elementor-widget-container\">\n\t\t\t\t\t<h2 class=\"elementor-heading-title elementor-size-default\">Instalaci\u00f3n de sistemas de climatizaci\u00f3n<\/h2>\t\t\t\t<\/div>\n\t\t\t\t<\/div>\n\t\t\t\t<div class=\"elementor-element elementor-element-dedfcc3 elementor-widget elementor-widget-text-editor\" data-id=\"dedfcc3\" data-element_type=\"widget\" data-e-type=\"widget\" data-widget_type=\"text-editor.default\">\n\t\t\t\t<div class=\"elementor-widget-container\">\n\t\t\t\t\t\t\t\t\t<ul><li data-start=\"396\" data-end=\"445\"><p data-start=\"398\" data-end=\"445\">Aire acondicionado split, multisplit e inverter<\/p><\/li><li data-start=\"446\" data-end=\"487\"><p data-start=\"448\" data-end=\"487\">Sistemas de climatizaci\u00f3n por conductos<\/p><\/li><li data-start=\"488\" data-end=\"527\"><p data-start=\"490\" data-end=\"527\">Bombas de calor aire-aire y aire-agua<\/p><\/li><li data-start=\"528\" data-end=\"604\"><p data-start=\"530\" data-end=\"604\">Aerotermia para calefacci\u00f3n, refrigeraci\u00f3n y ACS (agua caliente sanitaria)<\/p><\/li><li data-start=\"605\" data-end=\"656\"><p data-start=\"607\" data-end=\"656\">Sistemas de ventilaci\u00f3n con recuperaci\u00f3n de calor<\/p><\/li><\/ul>\t\t\t\t\t\t\t\t<\/div>\n\t\t\t\t<\/div>\n\t\t\t\t<\/div>\n\t\t<div class=\"elementor-element elementor-element-5214ab2 e-con-full e-flex e-con e-child\" data-id=\"5214ab2\" data-element_type=\"container\" data-e-type=\"container\" data-settings=\"{&quot;background_background&quot;:&quot;classic&quot;}\">\n\t\t\t\t<div class=\"elementor-element elementor-element-3e07b57 elementor-widget elementor-widget-image\" data-id=\"3e07b57\" data-element_type=\"widget\" data-e-type=\"widget\" data-widget_type=\"image.default\">\n\t\t\t\t<div class=\"elementor-widget-container\">\n\t\t\t\t\t\t\t\t\t\t\t\t\t\t\t<img decoding=\"async\" width=\"800\" height=\"534\" src=\"https:\/\/bizkaiclima.com\/wp-content\/uploads\/2025\/05\/1747-1024x683.jpg\" class=\"attachment-large size-large wp-image-228\" alt=\"\" srcset=\"https:\/\/bizkaiclima.com\/wp-content\/uploads\/2025\/05\/1747-1024x683.jpg 1024w, https:\/\/bizkaiclima.com\/wp-content\/uploads\/2025\/05\/1747-300x200.jpg 300w, https:\/\/bizkaiclima.com\/wp-content\/uploads\/2025\/05\/1747-768x512.jpg 768w, https:\/\/bizkaiclima.com\/wp-content\/uploads\/2025\/05\/1747-18x12.jpg 18w, https:\/\/bizkaiclima.com\/wp-content\/uploads\/2025\/05\/1747.jpg 1500w\" sizes=\"(max-width: 800px) 100vw, 800px\" \/>\t\t\t\t\t\t\t\t\t\t\t\t\t\t\t<\/div>\n\t\t\t\t<\/div>\n\t\t\t\t<div class=\"elementor-element elementor-element-42b9125 elementor-widget elementor-widget-heading\" data-id=\"42b9125\" data-element_type=\"widget\" data-e-type=\"widget\" data-widget_type=\"heading.default\">\n\t\t\t\t<div class=\"elementor-widget-container\">\n\t\t\t\t\t<h2 class=\"elementor-heading-title elementor-size-default\">Mantenimiento y revisi\u00f3n<\/h2>\t\t\t\t<\/div>\n\t\t\t\t<\/div>\n\t\t\t\t<div class=\"elementor-element elementor-element-7022f81 elementor-widget elementor-widget-text-editor\" data-id=\"7022f81\" data-element_type=\"widget\" data-e-type=\"widget\" data-widget_type=\"text-editor.default\">\n\t\t\t\t<div class=\"elementor-widget-container\">\n\t\t\t\t\t\t\t\t\t<ul><li data-start=\"692\" data-end=\"742\"><p data-start=\"694\" data-end=\"742\">Mantenimiento preventivo y correctivo de equipos<\/p><\/li><li data-start=\"743\" data-end=\"804\"><p data-start=\"745\" data-end=\"804\">Limpieza y desinfecci\u00f3n de unidades interiores y exteriores<\/p><\/li><li data-start=\"805\" data-end=\"863\"><p data-start=\"807\" data-end=\"863\">Revisi\u00f3n de gases refrigerantes y rendimiento energ\u00e9tico<\/p><\/li><li data-start=\"864\" data-end=\"909\"><p data-start=\"866\" data-end=\"909\">Asistencia t\u00e9cnica y diagn\u00f3stico de aver\u00edas<\/p><\/li><\/ul>\t\t\t\t\t\t\t\t<\/div>\n\t\t\t\t<\/div>\n\t\t\t\t<\/div>\n\t\t<div class=\"elementor-element elementor-element-9762e9a e-con-full e-flex e-con e-child\" data-id=\"9762e9a\" data-element_type=\"container\" data-e-type=\"container\" data-settings=\"{&quot;background_background&quot;:&quot;classic&quot;}\">\n\t\t\t\t<div class=\"elementor-element elementor-element-78da7db elementor-widget elementor-widget-image\" data-id=\"78da7db\" data-element_type=\"widget\" data-e-type=\"widget\" data-widget_type=\"image.default\">\n\t\t\t\t<div class=\"elementor-widget-container\">\n\t\t\t\t\t\t\t\t\t\t\t\t\t\t\t<img decoding=\"async\" width=\"800\" height=\"534\" src=\"https:\/\/bizkaiclima.com\/wp-content\/uploads\/2025\/05\/2149216632-1024x683.jpg\" class=\"attachment-large size-large wp-image-231\" alt=\"\" srcset=\"https:\/\/bizkaiclima.com\/wp-content\/uploads\/2025\/05\/2149216632-1024x683.jpg 1024w, https:\/\/bizkaiclima.com\/wp-content\/uploads\/2025\/05\/2149216632-300x200.jpg 300w, https:\/\/bizkaiclima.com\/wp-content\/uploads\/2025\/05\/2149216632-768x512.jpg 768w, https:\/\/bizkaiclima.com\/wp-content\/uploads\/2025\/05\/2149216632-18x12.jpg 18w, https:\/\/bizkaiclima.com\/wp-content\/uploads\/2025\/05\/2149216632.jpg 1500w\" sizes=\"(max-width: 800px) 100vw, 800px\" \/>\t\t\t\t\t\t\t\t\t\t\t\t\t\t\t<\/div>\n\t\t\t\t<\/div>\n\t\t\t\t<div class=\"elementor-element elementor-element-bdb9aea elementor-widget elementor-widget-heading\" data-id=\"bdb9aea\" data-element_type=\"widget\" data-e-type=\"widget\" data-widget_type=\"heading.default\">\n\t\t\t\t<div class=\"elementor-widget-container\">\n\t\t\t\t\t<h2 class=\"elementor-heading-title elementor-size-default\">Soluciones para diferentes espacios<\/h2>\t\t\t\t<\/div>\n\t\t\t\t<\/div>\n\t\t\t\t<div class=\"elementor-element elementor-element-2e8d1dd elementor-widget elementor-widget-text-editor\" data-id=\"2e8d1dd\" data-element_type=\"widget\" data-e-type=\"widget\" data-widget_type=\"text-editor.default\">\n\t\t\t\t<div class=\"elementor-widget-container\">\n\t\t\t\t\t\t\t\t\t<ul><li data-start=\"955\" data-end=\"988\"><p data-start=\"957\" data-end=\"988\">Viviendas unifamiliares y pisos<\/p><\/li><li data-start=\"989\" data-end=\"1041\"><p data-start=\"991\" data-end=\"1041\">Locales comerciales, oficinas y naves industriales<\/p><\/li><li data-start=\"1042\" data-end=\"1066\"><p data-start=\"1044\" data-end=\"1066\">Comunidades de vecinos<\/p><\/li><li data-start=\"1067\" data-end=\"1121\"><p data-start=\"1069\" data-end=\"1121\">Reformas integrales con integraci\u00f3n de climatizaci\u00f3n<\/p><\/li><\/ul>\t\t\t\t\t\t\t\t<\/div>\n\t\t\t\t<\/div>\n\t\t\t\t<\/div>\n\t\t\t\t\t<\/div>\n\t\t\t\t<\/div>\n\t\t<div class=\"elementor-element elementor-element-0574f38 e-con-full e-flex e-con e-parent\" data-id=\"0574f38\" data-element_type=\"container\" data-e-type=\"container\" data-settings=\"{&quot;background_background&quot;:&quot;classic&quot;}\">\n\t\t\t\t<div class=\"elementor-element elementor-element-8181ef0 elementor-cta--skin-cover elementor-animated-content elementor-bg-transform elementor-bg-transform-zoom-in elementor-widget elementor-widget-call-to-action\" data-id=\"8181ef0\" data-element_type=\"widget\" data-e-type=\"widget\" data-widget_type=\"call-to-action.default\">\n\t\t\t\t<div class=\"elementor-widget-container\">\n\t\t\t\t\t\t\t<div class=\"elementor-cta\">\n\t\t\t\t\t<div class=\"elementor-cta__bg-wrapper\">\n\t\t\t\t<div class=\"elementor-cta__bg elementor-bg\" style=\"background-image: url(https:\/\/bizkaiclima.com\/wp-content\/uploads\/2025\/05\/135268-1024x447.jpg);\" role=\"img\" aria-label=\"135268\"><\/div>\n\t\t\t\t<div class=\"elementor-cta__bg-overlay\"><\/div>\n\t\t\t<\/div>\n\t\t\t\t\t\t\t<div class=\"elementor-cta__content\">\n\t\t\t\t\n\t\t\t\t\t\t\t\t\t<h2 class=\"elementor-cta__title elementor-cta__content-item elementor-content-item elementor-animated-item--grow\">\n\t\t\t\t\t\t\u00bfNecesitas una instalaci\u00f3n, revisi\u00f3n o mantenimiento?\t\t\t\t\t<\/h2>\n\t\t\t\t\n\t\t\t\t\t\t\t\t\t<div class=\"elementor-cta__description elementor-cta__content-item elementor-content-item elementor-animated-item--grow\">\n\t\t\t\t\t\tSolicita tu presupuesto sin compromiso. Estamos aqu\u00ed para asesorarte.\t\t\t\t\t<\/div>\n\t\t\t\t\n\t\t\t\t\t\t\t\t\t<div class=\"elementor-cta__button-wrapper elementor-cta__content-item elementor-content-item elementor-animated-item--grow\">\n\t\t\t\t\t<a class=\"elementor-cta__button elementor-button elementor-size-\" href=\"https:\/\/bizkaiclima.com\/index.php\/contactos\/\">\n\t\t\t\t\t\tCONTACTOS\t\t\t\t\t<\/a>\n\t\t\t\t\t<\/div>\n\t\t\t\t\t\t\t<\/div>\n\t\t\t\t\t\t<\/div>\n\t\t\t\t\t\t<\/div>\n\t\t\t\t<\/div>\n\t\t\t\t<\/div>\n\t\t\t\t<\/div>","protected":false},"excerpt":{"rendered":"<p>Servicios Instalaci\u00f3n de sistemas de climatizaci\u00f3n Aire acondicionado split, multisplit e inverter Sistemas de climatizaci\u00f3n por conductos Bombas de calor aire-aire y aire-agua Aerotermia para calefacci\u00f3n, refrigeraci\u00f3n y ACS (agua caliente sanitaria) Sistemas de ventilaci\u00f3n con recuperaci\u00f3n de calor Mantenimiento y revisi\u00f3n Mantenimiento preventivo y correctivo de equipos Limpieza y desinfecci\u00f3n de unidades interiores y [&hellip;]<\/p>\n","protected":false},"author":1,"featured_media":0,"parent":0,"menu_order":0,"comment_status":"closed","ping_status":"closed","template":"elementor_canvas","meta":{"footnotes":""},"class_list":["post-11","page","type-page","status-publish","hentry"],"yoast_head":"<!-- This site is optimized with the Yoast SEO plugin v27.3 - https:\/\/yoast.com\/product\/yoast-seo-wordpress\/ -->\n<title>Servicios - Bizkaiclima<\/title>\n<meta name=\"robots\" content=\"index, follow, max-snippet:-1, max-image-preview:large, max-video-preview:-1\" \/>\n<link rel=\"canonical\" href=\"https:\/\/bizkaiclima.com\/eu\/servicios\/\" \/>\n<meta property=\"og:locale\" content=\"en_US\" \/>\n<meta property=\"og:type\" content=\"article\" \/>\n<meta property=\"og:title\" content=\"Servicios - Bizkaiclima\" \/>\n<meta property=\"og:description\" content=\"Servicios Instalaci\u00f3n de sistemas de climatizaci\u00f3n Aire acondicionado split, multisplit e inverter Sistemas de climatizaci\u00f3n por conductos Bombas de calor aire-aire y aire-agua Aerotermia para calefacci\u00f3n, refrigeraci\u00f3n y ACS (agua caliente sanitaria) Sistemas de ventilaci\u00f3n con recuperaci\u00f3n de calor Mantenimiento y revisi\u00f3n Mantenimiento preventivo y correctivo de equipos Limpieza y desinfecci\u00f3n de unidades interiores y [&hellip;]\" \/>\n<meta property=\"og:url\" content=\"https:\/\/bizkaiclima.com\/eu\/servicios\/\" \/>\n<meta property=\"og:site_name\" content=\"Bizkaiclima\" \/>\n<meta property=\"article:modified_time\" content=\"2025-05-30T09:20:54+00:00\" \/>\n<meta property=\"og:image\" content=\"https:\/\/bizkaiclima.com\/wp-content\/uploads\/2025\/05\/1202-1024x683.jpg\" \/>\n<meta name=\"twitter:card\" content=\"summary_large_image\" \/>\n<meta name=\"twitter:label1\" content=\"Est. reading time\" \/>\n\t<meta name=\"twitter:data1\" content=\"2 minutua\" \/>\n<script type=\"application\/ld+json\" class=\"yoast-schema-graph\">{\"@context\":\"https:\\\/\\\/schema.org\",\"@graph\":[{\"@type\":\"WebPage\",\"@id\":\"https:\\\/\\\/bizkaiclima.com\\\/servicios\\\/\",\"url\":\"https:\\\/\\\/bizkaiclima.com\\\/servicios\\\/\",\"name\":\"Servicios - Bizkaiclima\",\"isPartOf\":{\"@id\":\"https:\\\/\\\/bizkaiclima.com\\\/#website\"},\"primaryImageOfPage\":{\"@id\":\"https:\\\/\\\/bizkaiclima.com\\\/servicios\\\/#primaryimage\"},\"image\":{\"@id\":\"https:\\\/\\\/bizkaiclima.com\\\/servicios\\\/#primaryimage\"},\"thumbnailUrl\":\"https:\\\/\\\/bizkaiclima.com\\\/wp-content\\\/uploads\\\/2025\\\/05\\\/1202-1024x683.jpg\",\"datePublished\":\"2025-05-29T16:32:12+00:00\",\"dateModified\":\"2025-05-30T09:20:54+00:00\",\"breadcrumb\":{\"@id\":\"https:\\\/\\\/bizkaiclima.com\\\/servicios\\\/#breadcrumb\"},\"inLanguage\":\"eu\",\"potentialAction\":[{\"@type\":\"ReadAction\",\"target\":[\"https:\\\/\\\/bizkaiclima.com\\\/servicios\\\/\"]}]},{\"@type\":\"ImageObject\",\"inLanguage\":\"eu\",\"@id\":\"https:\\\/\\\/bizkaiclima.com\\\/servicios\\\/#primaryimage\",\"url\":\"https:\\\/\\\/bizkaiclima.com\\\/wp-content\\\/uploads\\\/2025\\\/05\\\/1202-1024x683.jpg\",\"contentUrl\":\"https:\\\/\\\/bizkaiclima.com\\\/wp-content\\\/uploads\\\/2025\\\/05\\\/1202-1024x683.jpg\"},{\"@type\":\"BreadcrumbList\",\"@id\":\"https:\\\/\\\/bizkaiclima.com\\\/servicios\\\/#breadcrumb\",\"itemListElement\":[{\"@type\":\"ListItem\",\"position\":1,\"name\":\"Portada\",\"item\":\"https:\\\/\\\/bizkaiclima.com\\\/\"},{\"@type\":\"ListItem\",\"position\":2,\"name\":\"Servicios\"}]},{\"@type\":\"WebSite\",\"@id\":\"https:\\\/\\\/bizkaiclima.com\\\/#website\",\"url\":\"https:\\\/\\\/bizkaiclima.com\\\/\",\"name\":\"Bizkaiclima\",\"description\":\"Instalaci\u00f3n y mantenimiento de sistemas de climatizacion\",\"publisher\":{\"@id\":\"https:\\\/\\\/bizkaiclima.com\\\/#organization\"},\"potentialAction\":[{\"@type\":\"SearchAction\",\"target\":{\"@type\":\"EntryPoint\",\"urlTemplate\":\"https:\\\/\\\/bizkaiclima.com\\\/?s={search_term_string}\"},\"query-input\":{\"@type\":\"PropertyValueSpecification\",\"valueRequired\":true,\"valueName\":\"search_term_string\"}}],\"inLanguage\":\"eu\"},{\"@type\":\"Organization\",\"@id\":\"https:\\\/\\\/bizkaiclima.com\\\/#organization\",\"name\":\"Bizkaiclima\",\"url\":\"https:\\\/\\\/bizkaiclima.com\\\/\",\"logo\":{\"@type\":\"ImageObject\",\"inLanguage\":\"eu\",\"@id\":\"https:\\\/\\\/bizkaiclima.com\\\/#\\\/schema\\\/logo\\\/image\\\/\",\"url\":\"https:\\\/\\\/bizkaiclima.com\\\/wp-content\\\/uploads\\\/2025\\\/05\\\/cropped-Diseno-sin-titulo.png\",\"contentUrl\":\"https:\\\/\\\/bizkaiclima.com\\\/wp-content\\\/uploads\\\/2025\\\/05\\\/cropped-Diseno-sin-titulo.png\",\"width\":458,\"height\":223,\"caption\":\"Bizkaiclima\"},\"image\":{\"@id\":\"https:\\\/\\\/bizkaiclima.com\\\/#\\\/schema\\\/logo\\\/image\\\/\"}}]}<\/script>\n<!-- \/ Yoast SEO plugin. -->","yoast_head_json":{"title":"Servicios - Bizkaiclima","robots":{"index":"index","follow":"follow","max-snippet":"max-snippet:-1","max-image-preview":"max-image-preview:large","max-video-preview":"max-video-preview:-1"},"canonical":"https:\/\/bizkaiclima.com\/eu\/servicios\/","og_locale":"en_US","og_type":"article","og_title":"Servicios - Bizkaiclima","og_description":"Servicios Instalaci\u00f3n de sistemas de climatizaci\u00f3n Aire acondicionado split, multisplit e inverter Sistemas de climatizaci\u00f3n por conductos Bombas de calor aire-aire y aire-agua Aerotermia para calefacci\u00f3n, refrigeraci\u00f3n y ACS (agua caliente sanitaria) Sistemas de ventilaci\u00f3n con recuperaci\u00f3n de calor Mantenimiento y revisi\u00f3n Mantenimiento preventivo y correctivo de equipos Limpieza y desinfecci\u00f3n de unidades interiores y [&hellip;]","og_url":"https:\/\/bizkaiclima.com\/eu\/servicios\/","og_site_name":"Bizkaiclima","article_modified_time":"2025-05-30T09:20:54+00:00","og_image":[{"url":"https:\/\/bizkaiclima.com\/wp-content\/uploads\/2025\/05\/1202-1024x683.jpg","type":"","width":"","height":""}],"twitter_card":"summary_large_image","twitter_misc":{"Est. reading time":"2 minutua"},"schema":{"@context":"https:\/\/schema.org","@graph":[{"@type":"WebPage","@id":"https:\/\/bizkaiclima.com\/servicios\/","url":"https:\/\/bizkaiclima.com\/servicios\/","name":"Servicios - Bizkaiclima","isPartOf":{"@id":"https:\/\/bizkaiclima.com\/#website"},"primaryImageOfPage":{"@id":"https:\/\/bizkaiclima.com\/servicios\/#primaryimage"},"image":{"@id":"https:\/\/bizkaiclima.com\/servicios\/#primaryimage"},"thumbnailUrl":"https:\/\/bizkaiclima.com\/wp-content\/uploads\/2025\/05\/1202-1024x683.jpg","datePublished":"2025-05-29T16:32:12+00:00","dateModified":"2025-05-30T09:20:54+00:00","breadcrumb":{"@id":"https:\/\/bizkaiclima.com\/servicios\/#breadcrumb"},"inLanguage":"eu","potentialAction":[{"@type":"ReadAction","target":["https:\/\/bizkaiclima.com\/servicios\/"]}]},{"@type":"ImageObject","inLanguage":"eu","@id":"https:\/\/bizkaiclima.com\/servicios\/#primaryimage","url":"https:\/\/bizkaiclima.com\/wp-content\/uploads\/2025\/05\/1202-1024x683.jpg","contentUrl":"https:\/\/bizkaiclima.com\/wp-content\/uploads\/2025\/05\/1202-1024x683.jpg"},{"@type":"BreadcrumbList","@id":"https:\/\/bizkaiclima.com\/servicios\/#breadcrumb","itemListElement":[{"@type":"ListItem","position":1,"name":"Portada","item":"https:\/\/bizkaiclima.com\/"},{"@type":"ListItem","position":2,"name":"Servicios"}]},{"@type":"WebSite","@id":"https:\/\/bizkaiclima.com\/#website","url":"https:\/\/bizkaiclima.com\/","name":"Bizkaiclima","description":"Klimatizazio-sistemak instalatzea eta mantentzea","publisher":{"@id":"https:\/\/bizkaiclima.com\/#organization"},"potentialAction":[{"@type":"SearchAction","target":{"@type":"EntryPoint","urlTemplate":"https:\/\/bizkaiclima.com\/?s={search_term_string}"},"query-input":{"@type":"PropertyValueSpecification","valueRequired":true,"valueName":"search_term_string"}}],"inLanguage":"eu"},{"@type":"Organization","@id":"https:\/\/bizkaiclima.com\/#organization","name":"Bizkaiclima","url":"https:\/\/bizkaiclima.com\/","logo":{"@type":"ImageObject","inLanguage":"eu","@id":"https:\/\/bizkaiclima.com\/#\/schema\/logo\/image\/","url":"https:\/\/bizkaiclima.com\/wp-content\/uploads\/2025\/05\/cropped-Diseno-sin-titulo.png","contentUrl":"https:\/\/bizkaiclima.com\/wp-content\/uploads\/2025\/05\/cropped-Diseno-sin-titulo.png","width":458,"height":223,"caption":"Bizkaiclima"},"image":{"@id":"https:\/\/bizkaiclima.com\/#\/schema\/logo\/image\/"}}]}},"_links":{"self":[{"href":"https:\/\/bizkaiclima.com\/eu\/wp-json\/wp\/v2\/pages\/11","targetHints":{"allow":["GET"]}}],"collection":[{"href":"https:\/\/bizkaiclima.com\/eu\/wp-json\/wp\/v2\/pages"}],"about":[{"href":"https:\/\/bizkaiclima.com\/eu\/wp-json\/wp\/v2\/types\/page"}],"author":[{"embeddable":true,"href":"https:\/\/bizkaiclima.com\/eu\/wp-json\/wp\/v2\/users\/1"}],"replies":[{"embeddable":true,"href":"https:\/\/bizkaiclima.com\/eu\/wp-json\/wp\/v2\/comments?post=11"}],"version-history":[{"count":31,"href":"https:\/\/bizkaiclima.com\/eu\/wp-json\/wp\/v2\/pages\/11\/revisions"}],"predecessor-version":[{"id":241,"href":"https:\/\/bizkaiclima.com\/eu\/wp-json\/wp\/v2\/pages\/11\/revisions\/241"}],"wp:attachment":[{"href":"https:\/\/bizkaiclima.com\/eu\/wp-json\/wp\/v2\/media?parent=11"}],"curies":[{"name":"wp","href":"https:\/\/api.w.org\/{rel}","templated":true}]}}